{"id":2,"date":"2020-04-13T10:26:23","date_gmt":"2020-04-13T08:26:23","guid":{"rendered":"http:\/\/wordpress2017440.home.pl\/?page_id=2"},"modified":"2021-04-08T22:31:24","modified_gmt":"2021-04-08T20:31:24","slug":"przykladowa-strona","status":"publish","type":"page","link":"https:\/\/nieslysze.pl\/?page_id=2","title":{"rendered":"O projekcie s\u0142\u00f3w kilka"},"content":{"rendered":"\n<div style=\"height:61px\" aria-hidden=\"true\" class=\"wp-block-spacer\"><\/div>\n\n\n\n<p>Projekt &#8222;Nie s\u0142ysz\u0119&#8230;&#8221; narodzi\u0142 si\u0119 z potrzeby opowiedzenia o d\u017awi\u0119kach, kt\u00f3re znikn\u0119\u0142y z naszego \u017cycia w czasie kwarantanny. \u017bycie w izolacji bardzo zmieni\u0142o nasze dotychczasowe nawyki. Poprzestawia\u0142o priorytety, wywr\u00f3ci\u0142o \u017cycie do g\u00f3ry nogami. Tempo zwolni\u0142o\u2026.<\/p>\n\n\n\n<p>Zmieni\u0142a si\u0119 te\u017c audiosfera, kt\u00f3ra buduje nasze po\u0142\u0105czenie ze \u015bwiatem.<\/p>\n\n\n\n<figure class=\"wp-block-video\"><video controls poster=\"https:\/\/nieslysze.pl\/wp-content\/uploads\/2020\/04\/0002_0002_korona_13032020_0002.jpg\" src=\"https:\/\/nieslysze.pl\/wp-content\/uploads\/2020\/05\/Nie slysze film.mp4\"><\/video><\/figure>\n\n\n\n<div style=\"height:22px\" aria-hidden=\"true\" class=\"wp-block-spacer\"><\/div>\n\n\n\n<p>Za jakimi d\u017awi\u0119kami t\u0119sknicie?<\/p>\n\n\n\n<p>Mo\u017ce to szumek ulubionej kawiarni, odg\u0142os bujania dziecka na hu\u015btawce, mo\u017ce szkolny dzwonek, <br>albo g\u0142os babci?<\/p>\n\n\n\n<p>Co znaczy\u0142y dla was te d\u017awi\u0119ki? Jak brzmia\u0142y? jakie obrazy wywo\u0142ywa\u0142y?<\/p>\n\n\n\n<p>Co zast\u0119puje je teraz?&nbsp;&nbsp; W izolacji&#8230;.<\/p>\n\n\n\n<p>Czekamy na Wasze opowie\u015bci. B\u0119dziemy je umieszcza\u0107 na blogu, aby potem z\u0142o\u017cy\u0107 w jedn\u0105, nasz\u0105 wsp\u00f3ln\u0105 d\u017awi\u0119kow\u0105 opowie\u015b\u0107 o braku, kt\u00f3ry &#8211; mamy nadziej\u0119 &#8211; szybko przeminie&#8230;<\/p>\n\n\n\n<p>2-3 minutowe opowie\u015bci d\u017awi\u0119kowe prze\u015blijcie nam mailem:<br>katarzyna.michalak@radio-lublin.pl<br>m.swierczynska@radiogdansk.pl <\/p>\n\n\n\n<div class=\"wp-block-group\"><div class=\"wp-block-group__inner-container\">\n<p>albo za po\u015brednictwem komunikatora WhatsUp na numer: 695360043<\/p>\n<\/div><\/div>\n\n\n\n<p>W filmie oraz na stronie wykorzystano zdj\u0119cia Artura Makowskiego<br><a rel=\"noreferrer noopener\" href=\"https:\/\/www.facebook.com\/makowski.foto\/\" target=\"_blank\">https:\/\/www.facebook.com\/makowski.foto\/<\/a><br><\/p>\n\n\n\n<p>Fotograficznie wspiera nas r\u00f3wnie\u017c Klaudia Olender.<\/p>\n","protected":false},"excerpt":{"rendered":"<p>Projekt &#8222;Nie s\u0142ysz\u0119&#8230;&#8221; narodzi\u0142 si\u0119 z potrzeby opowiedzenia o d\u017awi\u0119kach, kt\u00f3re znikn\u0119\u0142y z naszego \u017cycia w czasie kwarantanny. \u017bycie w izolacji bardzo zmieni\u0142o nasze dotychczasowe nawyki. Poprzestawia\u0142o priorytety, wywr\u00f3ci\u0142o \u017cycie do g\u00f3ry nogami. Tempo zwolni\u0142o\u2026. Zmieni\u0142a si\u0119 te\u017c audiosfera, kt\u00f3ra buduje nasze po\u0142\u0105czenie ze \u015bwiatem. Za jakimi d\u017awi\u0119kami t\u0119sknicie? Mo\u017ce to szumek ulubionej kawiarni, odg\u0142os bujania dziecka na hu\u015btawce, mo\u017ce szkolny dzwonek, albo g\u0142os babci? Co znaczy\u0142y dla was te d\u017awi\u0119ki? Jak brzmia\u0142y? jakie obrazy wywo\u0142ywa\u0142y? Co zast\u0119puje je teraz?&nbsp;&nbsp; W izolacji&#8230;. Czekamy na Wasze opowie\u015bci. B\u0119dziemy je umieszcza\u0107 na blogu, aby potem z\u0142o\u017cy\u0107 w jedn\u0105, nasz\u0105 wsp\u00f3ln\u0105 d\u017awi\u0119kow\u0105 opowie\u015b\u0107 o braku, kt\u00f3ry &#8211; mamy nadziej\u0119 &#8211; szybko przeminie&#8230; 2-3 minutowe opowie\u015bci d\u017awi\u0119kowe prze\u015blijcie nam mailem:katarzyna.michalak@radio-lublin.plm.swierczynska@radiogdansk.pl W filmie oraz na stronie wykorzystano zdj\u0119cia Artura Makowskiegohttps:\/\/www.facebook.com\/makowski.foto\/ Fotograficznie wspiera nas r\u00f3wnie\u017c Klaudia Olender.<\/p>\n","protected":false},"author":1,"featured_media":0,"parent":0,"menu_order":0,"comment_status":"closed","ping_status":"open","template":"","meta":[],"_links":{"self":[{"href":"https:\/\/nieslysze.pl\/index.php?rest_route=\/wp\/v2\/pages\/2"}],"collection":[{"href":"https:\/\/nieslysze.pl\/index.php?rest_route=\/wp\/v2\/pages"}],"about":[{"href":"https:\/\/nieslysze.pl\/index.php?rest_route=\/wp\/v2\/types\/page"}],"author":[{"embeddable":true,"href":"https:\/\/nieslysze.pl\/index.php?rest_route=\/wp\/v2\/users\/1"}],"replies":[{"embeddable":true,"href":"https:\/\/nieslysze.pl\/index.php?rest_route=%2Fwp%2Fv2%2Fcomments&post=2"}],"version-history":[{"count":25,"href":"https:\/\/nieslysze.pl\/index.php?rest_route=\/wp\/v2\/pages\/2\/revisions"}],"predecessor-version":[{"id":412,"href":"https:\/\/nieslysze.pl\/index.php?rest_route=\/wp\/v2\/pages\/2\/revisions\/412"}],"wp:attachment":[{"href":"https:\/\/nieslysze.pl\/index.php?rest_route=%2Fwp%2Fv2%2Fmedia&parent=2"}],"curies":[{"name":"wp","href":"https:\/\/api.w.org\/{rel}","templated":true}]}}